{"id":160,"date":"2019-09-03T07:35:07","date_gmt":"2019-09-03T07:35:07","guid":{"rendered":"http:\/\/fersof.xyz\/?page_id=160"},"modified":"2021-09-24T03:23:23","modified_gmt":"2021-09-24T03:23:23","slug":"politica-de-privacidad","status":"publish","type":"page","link":"https:\/\/fersof.xyz\/?page_id=160","title":{"rendered":"Pol\u00edtica de Privacidad"},"content":{"rendered":"\n<p><strong>Control de su informaci\u00f3n personal<\/strong><\/p>\n\n\n\n<p>En cualquier momento usted puede restringir la recopilaci\u00f3n o el uso de la informaci\u00f3n personal que es proporcionada a nuestro sitio web y la app.&nbsp; <\/p>\n\n\n\n<p>Esta compa\u00f1\u00eda no vender\u00e1, ceder\u00e1 ni distribuir\u00e1 la informaci\u00f3n personal que es recopilada sin su consentimiento, salvo que sea requerido por un juez con un orden judicial.<\/p>\n\n\n\n<p>&nbsp;Se reserva el derecho de cambiar los t\u00e9rminos de la presente Pol\u00edtica de Privacidad en cualquier momento.<\/p>\n\n\n\n<p><strong>Informaci\u00f3n que es recogida<\/strong><\/p>\n\n\n\n<p>Nuestro sistema podr\u00e1 recoger informaci\u00f3n personal por ejemplo: Nombre,\u00a0 informaci\u00f3n de contacto como\u00a0 su direcci\u00f3n de correo electr\u00f3nica e informaci\u00f3n demogr\u00e1fica. As\u00ed mismo cuando sea necesario podr\u00e1 ser requerida informaci\u00f3n espec\u00edfica para procesar alg\u00fan pedido o realizar una entrega o facturaci\u00f3n.<\/p>\n\n\n\n<p>Respecto a permisos en la APP como: Contactos, Ubicaci\u00f3n, C\u00e1mara. FERSOF <strong>no recompila informaci\u00f3n<\/strong> del usuario. Unicamente se requieren para mejorar la experiencia del usuario con nuestra APP, conforme a las funcionalidades. <\/p>\n\n\n\n<p><strong>Uso de la informaci\u00f3n recogida<\/strong><\/p>\n\n\n\n<p>Nuestro sitio web y app emplea la informaci\u00f3n con el fin de proporcionar el mejor servicio posible, particularmente para mantener un registro de usuarios, de pedidos en caso que aplique, y mejorar nuestros productos y servicios. <\/p>\n\n\n\n<p>&nbsp;FERSOF est\u00e1 altamente comprometido para cumplir con el compromiso de mantener su informaci\u00f3n segura. Usamos los sistemas m\u00e1s avanzados y los actualizamos constantemente para asegurarnos que no exista ning\u00fan acceso no autorizado.<\/p>\n\n\n\n<p><\/p>\n","protected":false},"excerpt":{"rendered":"<p>Control de su informaci\u00f3n personal En cualquier momento usted puede restringir la recopilaci\u00f3n o el uso de la informaci\u00f3n personal que es proporcionada a nuestro sitio web y la app.&nbsp; Esta compa\u00f1\u00eda no vender\u00e1, ceder\u00e1 ni distribuir\u00e1 la informaci\u00f3n personal que es recopilada sin su consentimiento, salvo que sea requerido por un juez con un&hellip; <\/p>\n<p><a class=\"moretag\" href=\"https:\/\/fersof.xyz\/?page_id=160\">Read the full article<\/a><\/p>\n","protected":false},"author":1,"featured_media":0,"parent":0,"menu_order":0,"comment_status":"closed","ping_status":"closed","template":"","meta":{"footnotes":""},"class_list":["post-160","page","type-page","status-publish","hentry"],"_links":{"self":[{"href":"https:\/\/fersof.xyz\/index.php?rest_route=\/wp\/v2\/pages\/160","targetHints":{"allow":["GET"]}}],"collection":[{"href":"https:\/\/fersof.xyz\/index.php?rest_route=\/wp\/v2\/pages"}],"about":[{"href":"https:\/\/fersof.xyz\/index.php?rest_route=\/wp\/v2\/types\/page"}],"author":[{"embeddable":true,"href":"https:\/\/fersof.xyz\/index.php?rest_route=\/wp\/v2\/users\/1"}],"replies":[{"embeddable":true,"href":"https:\/\/fersof.xyz\/index.php?rest_route=%2Fwp%2Fv2%2Fcomments&post=160"}],"version-history":[{"count":4,"href":"https:\/\/fersof.xyz\/index.php?rest_route=\/wp\/v2\/pages\/160\/revisions"}],"predecessor-version":[{"id":171,"href":"https:\/\/fersof.xyz\/index.php?rest_route=\/wp\/v2\/pages\/160\/revisions\/171"}],"wp:attachment":[{"href":"https:\/\/fersof.xyz\/index.php?rest_route=%2Fwp%2Fv2%2Fmedia&parent=160"}],"curies":[{"name":"wp","href":"https:\/\/api.w.org\/{rel}","templated":true}]}}