{"id":9,"date":"2018-06-29T14:28:34","date_gmt":"2018-06-29T14:28:34","guid":{"rendered":"http:\/\/fersof.xyz\/?page_id=9"},"modified":"2018-08-30T03:00:24","modified_gmt":"2018-08-30T03:00:24","slug":"acerca-de","status":"publish","type":"page","link":"https:\/\/fersof.xyz\/?page_id=9","title":{"rendered":"Quienes Somos"},"content":{"rendered":"<p><strong>FERSOF<\/strong><\/p>\n<p>Es una compa\u00f1\u00eda dedicada a la creaci\u00f3n de soluciones y herramientas m\u00f3viles para la plataforma ANDROID, enfocado en el monitoreo de personal y gesti\u00f3n en campo. Contamos con 7 a\u00f1os de experiencia para implementar este aplicativo en varios rubros como telecomunicaciones y banca, entre otros.<\/p>\n<p>Al permitirnos ser su proveedor, usted obtendr\u00e1 ventaja competitiva y generar\u00e1 un valor agregado a sus clientes actuales y futuros; garantizando estabilidad en sus operaciones cotidianas con informaci\u00f3n en tiempo real.<\/p>\n","protected":false},"excerpt":{"rendered":"<p>FERSOF Es una compa\u00f1\u00eda dedicada a la creaci\u00f3n de soluciones y herramientas m\u00f3viles para la plataforma ANDROID, enfocado en el monitoreo de personal y gesti\u00f3n en campo. Contamos con 7 a\u00f1os de experiencia para implementar este aplicativo en varios rubros como telecomunicaciones y banca, entre otros. Al permitirnos ser su proveedor, usted obtendr\u00e1 ventaja competitiva&hellip; <\/p>\n<p><a class=\"moretag\" href=\"https:\/\/fersof.xyz\/?page_id=9\">Read the full article<\/a><\/p>\n","protected":false},"author":1,"featured_media":30,"parent":0,"menu_order":0,"comment_status":"closed","ping_status":"closed","template":"","meta":{"footnotes":""},"class_list":["post-9","page","type-page","status-publish","has-post-thumbnail","hentry"],"_links":{"self":[{"href":"https:\/\/fersof.xyz\/index.php?rest_route=\/wp\/v2\/pages\/9","targetHints":{"allow":["GET"]}}],"collection":[{"href":"https:\/\/fersof.xyz\/index.php?rest_route=\/wp\/v2\/pages"}],"about":[{"href":"https:\/\/fersof.xyz\/index.php?rest_route=\/wp\/v2\/types\/page"}],"author":[{"embeddable":true,"href":"https:\/\/fersof.xyz\/index.php?rest_route=\/wp\/v2\/users\/1"}],"replies":[{"embeddable":true,"href":"https:\/\/fersof.xyz\/index.php?rest_route=%2Fwp%2Fv2%2Fcomments&post=9"}],"version-history":[{"count":6,"href":"https:\/\/fersof.xyz\/index.php?rest_route=\/wp\/v2\/pages\/9\/revisions"}],"predecessor-version":[{"id":128,"href":"https:\/\/fersof.xyz\/index.php?rest_route=\/wp\/v2\/pages\/9\/revisions\/128"}],"wp:featuredmedia":[{"embeddable":true,"href":"https:\/\/fersof.xyz\/index.php?rest_route=\/wp\/v2\/media\/30"}],"wp:attachment":[{"href":"https:\/\/fersof.xyz\/index.php?rest_route=%2Fwp%2Fv2%2Fmedia&parent=9"}],"curies":[{"name":"wp","href":"https:\/\/api.w.org\/{rel}","templated":true}]}}